{"id":27,"date":"2019-11-29T09:12:46","date_gmt":"2019-11-29T08:12:46","guid":{"rendered":"http:\/\/www.rechtsanwaelte-buch.de\/wordpress\/?page_id=27"},"modified":"2019-12-05T19:32:48","modified_gmt":"2019-12-05T18:32:48","slug":"schwerpunkte","status":"publish","type":"page","link":"https:\/\/www.rechtsanwaelte-buch.de\/wordpress\/schwerpunkte\/","title":{"rendered":"Unsere Schwerpunkte"},"content":{"rendered":"<p>Wir beraten und vertreten Sie mit langj\u00e4hriger Erfahrung in folgenden Rechtsgebieten<\/p>\n<ul>\n<li>Allgemeines Vertragsrecht, wie zum Beispiel\n<ul>\n<li>Kaufrecht,<\/li>\n<li>Versicherungsrecht,<\/li>\n<li>Miet- und Wohnungseigentumsangelegenheiten,<\/li>\n<li>Forderungsbeitreibung beziehungsweise -abwehr,<\/li>\n<li>Regulierung von Verkehrsunf\u00e4llen und<\/li>\n<li>sonstigen vertraglichen oder deliktischen Schadensersatzanspr\u00fcchen<\/li>\n<\/ul>\n<\/li>\n<li>Arbeitsrecht<\/li>\n<li>Baurecht<\/li>\n<li>Familien- und Erbrecht<\/li>\n<li>Unternehmens- und Gesellschaftsrecht.<\/li>\n<\/ul>\n<p>Dar\u00fcber hinaus vertreten wir Sie auch in Bu\u00dfgeld- und Strafsachen (zum Beispiel Verkehrs- und F\u00fchrerscheinangelegenheiten) mit Ausnahme von Schwerkriminalit\u00e4t.<\/p>\n<p>In zivilrechtlichen Angelegenheiten betreuen wir Sie vor allen Deutschen Amts-, Land- und Oberlandesgerichten.<\/p>\n","protected":false},"excerpt":{"rendered":"<p>Wir beraten und vertreten Sie mit langj\u00e4hriger Erfahrung in folgenden Rechtsgebieten Allgemeines Vertragsrecht, wie zum Beispiel Kaufrecht, Versicherungsrecht, Miet- und Wohnungseigentumsangelegenheiten, Forderungsbeitreibung beziehungsweise -abwehr, Regulierung von Verkehrsunf\u00e4llen und sonstigen vertraglichen oder deliktischen Schadensersatzanspr\u00fcchen Arbeitsrecht Baurecht Familien- und Erbrecht Unternehmens- und Gesellschaftsrecht. Dar\u00fcber hinaus vertreten wir Sie auch in Bu\u00dfgeld- und Strafsachen (zum Beispiel Verkehrs- und [&hellip;]<\/p>\n","protected":false},"author":1,"featured_media":0,"parent":0,"menu_order":0,"comment_status":"closed","ping_status":"closed","template":"","meta":[],"_links":{"self":[{"href":"https:\/\/www.rechtsanwaelte-buch.de\/wordpress\/wp-json\/wp\/v2\/pages\/27"}],"collection":[{"href":"https:\/\/www.rechtsanwaelte-buch.de\/wordpress\/wp-json\/wp\/v2\/pages"}],"about":[{"href":"https:\/\/www.rechtsanwaelte-buch.de\/wordpress\/wp-json\/wp\/v2\/types\/page"}],"author":[{"embeddable":true,"href":"https:\/\/www.rechtsanwaelte-buch.de\/wordpress\/wp-json\/wp\/v2\/users\/1"}],"replies":[{"embeddable":true,"href":"https:\/\/www.rechtsanwaelte-buch.de\/wordpress\/wp-json\/wp\/v2\/comments?post=27"}],"version-history":[{"count":3,"href":"https:\/\/www.rechtsanwaelte-buch.de\/wordpress\/wp-json\/wp\/v2\/pages\/27\/revisions"}],"predecessor-version":[{"id":98,"href":"https:\/\/www.rechtsanwaelte-buch.de\/wordpress\/wp-json\/wp\/v2\/pages\/27\/revisions\/98"}],"wp:attachment":[{"href":"https:\/\/www.rechtsanwaelte-buch.de\/wordpress\/wp-json\/wp\/v2\/media?parent=27"}],"curies":[{"name":"wp","href":"https:\/\/api.w.org\/{rel}","templated":true}]}}