{"id":29,"date":"2019-11-29T09:14:14","date_gmt":"2019-11-29T08:14:14","guid":{"rendered":"http:\/\/www.rechtsanwaelte-buch.de\/wordpress\/?page_id=29"},"modified":"2023-06-21T11:16:51","modified_gmt":"2023-06-21T09:16:51","slug":"rechtsanwaelte","status":"publish","type":"page","link":"https:\/\/www.rechtsanwaelte-buch.de\/wordpress\/rechtsanwaelte\/","title":{"rendered":"Ihre Rechtsanw\u00e4lte"},"content":{"rendered":"<p><img decoding=\"async\" loading=\"lazy\" class=\"alignnone wp-image-30 size-full\" src=\"https:\/\/www.rechtsanwaelte-buch.de\/wordpress\/wp-content\/uploads\/2019\/11\/team-buch.jpg\" alt=\"\" width=\"623\" height=\"217\" srcset=\"https:\/\/www.rechtsanwaelte-buch.de\/wordpress\/wp-content\/uploads\/2019\/11\/team-buch.jpg 623w, https:\/\/www.rechtsanwaelte-buch.de\/wordpress\/wp-content\/uploads\/2019\/11\/team-buch-300x104.jpg 300w\" sizes=\"(max-width: 623px) 100vw, 623px\" \/><\/p>\n<p><strong>Susanne Buch, Rechtsanw\u00e4ltin<\/strong><\/p>\n<ul>\n<li>geboren 1970 in Karlsruhe<\/li>\n<li>Studium der Rechtswissenschaften in Frankfurt am Main und Heidelberg<\/li>\n<li>1998 bis 2002 Assessorin in der Rechtsabteilung einer<br \/>\ndeutschen Gro\u00dfbank<\/li>\n<li>anwaltliche T\u00e4tigkeit seit 2003<\/li>\n<li>Mitglied der Anwaltskammer Frankfurt am Main<\/li>\n<li>Fremdsprachen: Englisch und Franz\u00f6sisch<\/li>\n<\/ul>\n<p><strong>Markus Buch, Rechtsanwalt<\/strong><\/p>\n<ul>\n<li>geboren 1964 in Frankfurt am Main<\/li>\n<li>Studium der Rechtswissenschaften in Frankfurt am Main<\/li>\n<li>anwaltliche T\u00e4tigkeit seit 1993<\/li>\n<li>Mitglied der Anwaltskammer Frankfurt am Main<\/li>\n<li>Fremdsprachen: Englisch und Franz\u00f6sisch<\/li>\n<\/ul>\n<p><img decoding=\"async\" loading=\"lazy\" class=\"alignnone size-medium wp-image-113\" src=\"https:\/\/www.rechtsanwaelte-buch.de\/wordpress\/wp-content\/uploads\/2023\/06\/ra-buch-buch-300x171.jpg\" alt=\"\" width=\"300\" height=\"171\" srcset=\"https:\/\/www.rechtsanwaelte-buch.de\/wordpress\/wp-content\/uploads\/2023\/06\/ra-buch-buch-300x171.jpg 300w, https:\/\/www.rechtsanwaelte-buch.de\/wordpress\/wp-content\/uploads\/2023\/06\/ra-buch-buch-768x438.jpg 768w, https:\/\/www.rechtsanwaelte-buch.de\/wordpress\/wp-content\/uploads\/2023\/06\/ra-buch-buch.jpg 800w\" sizes=\"(max-width: 300px) 100vw, 300px\" \/><\/p>\n<p><em><font-color:\"#4184B0\">\u2026und nunmehr auch seit 25 Jahren ein in jeder Beziehung zuverl\u00e4ssiges Team!<\/font><\/em><\/p>\n","protected":false},"excerpt":{"rendered":"<p>Susanne Buch, Rechtsanw\u00e4ltin geboren 1970 in Karlsruhe Studium der Rechtswissenschaften in Frankfurt am Main und Heidelberg 1998 bis 2002 Assessorin in der Rechtsabteilung einer deutschen Gro\u00dfbank anwaltliche T\u00e4tigkeit seit 2003 Mitglied der Anwaltskammer Frankfurt am Main Fremdsprachen: Englisch und Franz\u00f6sisch Markus Buch, Rechtsanwalt geboren 1964 in Frankfurt am Main Studium der Rechtswissenschaften in Frankfurt am [&hellip;]<\/p>\n","protected":false},"author":1,"featured_media":0,"parent":0,"menu_order":0,"comment_status":"closed","ping_status":"closed","template":"","meta":[],"_links":{"self":[{"href":"https:\/\/www.rechtsanwaelte-buch.de\/wordpress\/wp-json\/wp\/v2\/pages\/29"}],"collection":[{"href":"https:\/\/www.rechtsanwaelte-buch.de\/wordpress\/wp-json\/wp\/v2\/pages"}],"about":[{"href":"https:\/\/www.rechtsanwaelte-buch.de\/wordpress\/wp-json\/wp\/v2\/types\/page"}],"author":[{"embeddable":true,"href":"https:\/\/www.rechtsanwaelte-buch.de\/wordpress\/wp-json\/wp\/v2\/users\/1"}],"replies":[{"embeddable":true,"href":"https:\/\/www.rechtsanwaelte-buch.de\/wordpress\/wp-json\/wp\/v2\/comments?post=29"}],"version-history":[{"count":9,"href":"https:\/\/www.rechtsanwaelte-buch.de\/wordpress\/wp-json\/wp\/v2\/pages\/29\/revisions"}],"predecessor-version":[{"id":119,"href":"https:\/\/www.rechtsanwaelte-buch.de\/wordpress\/wp-json\/wp\/v2\/pages\/29\/revisions\/119"}],"wp:attachment":[{"href":"https:\/\/www.rechtsanwaelte-buch.de\/wordpress\/wp-json\/wp\/v2\/media?parent=29"}],"curies":[{"name":"wp","href":"https:\/\/api.w.org\/{rel}","templated":true}]}}