{"id":37,"date":"2019-11-29T09:15:51","date_gmt":"2019-11-29T08:15:51","guid":{"rendered":"http:\/\/www.rechtsanwaelte-buch.de\/wordpress\/?page_id=37"},"modified":"2019-12-04T19:29:09","modified_gmt":"2019-12-04T18:29:09","slug":"impressum","status":"publish","type":"page","link":"https:\/\/www.rechtsanwaelte-buch.de\/wordpress\/impressum\/","title":{"rendered":"Impressum"},"content":{"rendered":"<p>Verantwortlich f\u00fcr die Inhalte dieser Webseite:<\/p>\n<p><strong>BUCH Rechtsanw\u00e4lte<\/strong><br \/>\nMarkus und Susanne Buch<br \/>\nClausstra\u00dfe 7a<br \/>\n65812 Bad Soden im Taunus<\/p>\n<p>Telefon: (0 61 96) 999 64 90<br \/>\nTelefax: (0 61 96) 999 64 91<br \/>\n<a href=\"mailto:info@rechtsanwaelte-buch.de\">info@rechtsanwaelte-buch.de<\/a><\/p>\n<p>Steuernummer: 46 808 3283 8<\/p>\n<p>Zugeh\u00f6rige Rechtsanwaltskammer:<br \/>\nRechtsanwaltskammer Frankfurt am Main<br \/>\nBockenheimer Anlage 36<br \/>\n60322 Frankfurt am Main<\/p>\n<p class=\"content\" align=\"left\">Die Inhalte unserer Seiten wurden mit gr\u00f6\u00dfter Sorgfalt erstellt. F\u00fcr die Richtigkeit, Vollst\u00e4ndigkeit und Aktualit\u00e4t der Inhalte k\u00f6nnen wir jedoch keine Gew\u00e4hr \u00fcbernehmen.<\/p>\n<p class=\"content\">Als Diensteanbieter sind wir gem\u00e4\u00df \u00a7 7 Abs.1 TMG f\u00fcr eigene Inhalte auf diesen Seiten nach den allgemeinen Gesetzen verantwortlich. Nach \u00a7\u00a7 8 bis 10 TMG sind wir als Diensteanbieter jedoch nicht verpflichtet, \u00fcbermittelte oder gespeicherte fremde Informationen zu \u00fcberwachen oder nach Umst\u00e4nden zu forschen, die auf eine rechtswidrige T\u00e4tigkeit hinweisen. Verpflichtungen zur Entfernung oder Sperrung der Nutzung von Informationen nach den allgemeinen Gesetzen bleiben hiervon unber\u00fchrt. Eine diesbez\u00fcgliche Haftung ist jedoch erst ab dem Zeitpunkt der Kenntnis einer konkreten Rechtsverletzung m\u00f6glich. Bei bekannt werden von entsprechenden Rechtsverletzungen werden wir diese Inhalte umgehend entfernen.<\/p>\n<p class=\"content\"><strong>Haftung f\u00fcr Links<\/strong><br \/>\nUnser Angebot enth\u00e4lt Links zu externen Webseiten Dritter, auf deren Inhalte wir keinen Einfluss haben. Deshalb k\u00f6nnen wir f\u00fcr diese fremden Inhalte auch keine Gew\u00e4hr \u00fcbernehmen. F\u00fcr die Inhalte der verlinkten Seiten ist stets der jeweilige Anbieter oder Betreiber der Seiten verantwortlich. Die verlinkten Seiten wurden zum Zeitpunkt der Verlinkung auf m\u00f6gliche Rechtsverst\u00f6\u00dfe \u00fcberpr\u00fcft. Rechtswidrige Inhalte waren zum Zeitpunkt der Verlinkung nicht erkennbar. Eine permanente inhaltliche Kontrolle der verlinkten Seiten ist jedoch ohne konkrete Anhaltspunkte einer Rechtsverletzung nicht zumutbar. Bei bekannt werden von Rechtsverletzungen werden wir derartige Links umgehend entfernen.<\/p>\n<p class=\"content\"><strong>Urheberrecht<\/strong><br \/>\nDie durch die Seitenbetreiber erstellten Inhalte und Werke auf diesen Seiten unterliegen dem deutschen Urheberrecht. Beitr\u00e4ge Dritter sind als solche gekennzeichnet. Die Vervielf\u00e4ltigung, Bearbeitung, Verbreitung und jede Art der Verwertung au\u00dferhalb der Grenzen des Urheberrechtes bed\u00fcrfen der schriftlichen Zustimmung des jeweiligen Autors bzw. Erstellers. Downloads und Kopien dieser Seite sind nur f\u00fcr den privaten, nicht kommerziellen Gebrauch gestattet.<\/p>\n<p class=\"content\">Die Betreiber der Seiten sind bem\u00fcht, stets die Urheberrechte anderer zu beachten bzw. auf selbst erstellte sowie lizenzfreie Werke zur\u00fcckzugreifen.<\/p>\n","protected":false},"excerpt":{"rendered":"<p>Verantwortlich f\u00fcr die Inhalte dieser Webseite: BUCH Rechtsanw\u00e4lte Markus und Susanne Buch Clausstra\u00dfe 7a 65812 Bad Soden im Taunus Telefon: (0 61 96) 999 64 90 Telefax: (0 61 96) 999 64 91 info@rechtsanwaelte-buch.de Steuernummer: 46 808 3283 8 Zugeh\u00f6rige Rechtsanwaltskammer: Rechtsanwaltskammer Frankfurt am Main Bockenheimer Anlage 36 60322 Frankfurt am Main Die Inhalte unserer [&hellip;]<\/p>\n","protected":false},"author":1,"featured_media":0,"parent":0,"menu_order":0,"comment_status":"closed","ping_status":"closed","template":"","meta":[],"_links":{"self":[{"href":"https:\/\/www.rechtsanwaelte-buch.de\/wordpress\/wp-json\/wp\/v2\/pages\/37"}],"collection":[{"href":"https:\/\/www.rechtsanwaelte-buch.de\/wordpress\/wp-json\/wp\/v2\/pages"}],"about":[{"href":"https:\/\/www.rechtsanwaelte-buch.de\/wordpress\/wp-json\/wp\/v2\/types\/page"}],"author":[{"embeddable":true,"href":"https:\/\/www.rechtsanwaelte-buch.de\/wordpress\/wp-json\/wp\/v2\/users\/1"}],"replies":[{"embeddable":true,"href":"https:\/\/www.rechtsanwaelte-buch.de\/wordpress\/wp-json\/wp\/v2\/comments?post=37"}],"version-history":[{"count":5,"href":"https:\/\/www.rechtsanwaelte-buch.de\/wordpress\/wp-json\/wp\/v2\/pages\/37\/revisions"}],"predecessor-version":[{"id":91,"href":"https:\/\/www.rechtsanwaelte-buch.de\/wordpress\/wp-json\/wp\/v2\/pages\/37\/revisions\/91"}],"wp:attachment":[{"href":"https:\/\/www.rechtsanwaelte-buch.de\/wordpress\/wp-json\/wp\/v2\/media?parent=37"}],"curies":[{"name":"wp","href":"https:\/\/api.w.org\/{rel}","templated":true}]}}