{"id":39,"date":"2019-11-29T09:16:16","date_gmt":"2019-11-29T08:16:16","guid":{"rendered":"http:\/\/www.rechtsanwaelte-buch.de\/wordpress\/?page_id=39"},"modified":"2019-11-29T09:16:16","modified_gmt":"2019-11-29T08:16:16","slug":"datenschutz","status":"publish","type":"page","link":"https:\/\/www.rechtsanwaelte-buch.de\/wordpress\/datenschutz\/","title":{"rendered":"Datenschutz"},"content":{"rendered":"<p>Wir freuen uns \u00fcber Ihren Besuch auf dieser Webseite und Ihr Interesse an unseren Produkten. Der Schutz Ihrer personenbezogenen Daten bei der Verarbeitung w\u00e4hrend des gesamten Gesch\u00e4ftsprozesses ist f\u00fcr uns ein wichtiges Anliegen und wir m\u00f6chten, dass Sie sich beim Besuch dieser Internetseiten sicher f\u00fchlen.<\/p>\n<p>Im Folgenden erl\u00e4utern wir, welche Informationen w\u00e4hrend Ihres Besuches auf dieser Webseite erfasst werden und wie diese genutzt werden.<\/p>\n<p><strong>Personenbezogene Daten<\/strong><br \/>\nPersonenbezogene Daten sind Einzelangaben \u00fcber pers\u00f6nliche oder sachliche Verh\u00e4ltnisse einer bestimmten oder bestimmbaren nat\u00fcrlichen Person. Darunter fallen Informationen wie z.B. Ihr richtiger Name, Ihre Anschrift, Ihre Telefonnummer und Ihr Geburtsdatum. Informationen, die nicht direkt mit Ihrer wirklichen Identit\u00e4t in Verbindung gebracht werden &#8211; wie z.B. favorisierte Webseiten oder Anzahl der Nutzer einer Seite &#8211; sind keine personenbezogenen Daten.<\/p>\n<p><strong>Erhebung und Verarbeitung von personenbezogenen Daten<\/strong><br \/>\nWenn Sie unsere Webseiten besuchen, speichern unsere Webserver standardm\u00e4\u00dfig zum Zweck der Systemsicherheit tempor\u00e4r die Verbindungsdaten des anfragenden Rechners, die Webseiten, die Sie bei uns besuchen, das Datum und die Dauer des Besuches, die Erkennungsdaten des verwendeten Browser- und Betriebssystem-Typs sowie die Webseite, von der aus Sie uns besuchen. Dar\u00fcber hinausgehende personenbezogene Angaben wie Ihr Name, Ihre Anschrift, Telefonnummer oder E-Mail-Adresse werden nicht erfasst, es sei denn, diese Angaben werden von Ihnen freiwillig gemacht, z.B. im Rahmen einer Registrierung, einer Umfrage, eines Preisausschreibens, zur Durchf\u00fchrung eines Vertrages oder einer Informationsanfrage.<\/p>\n<p><strong>Nutzung und Weitergabe der personenbezogenen Daten<\/strong><br \/>\nDie von Ihnen zur Verf\u00fcgung gestellten personenbezogenen Daten verwenden wir ausschlie\u00dflich zum Zweck der technischen Administration der Webseiten und zur Erf\u00fcllung Ihrer W\u00fcnsche und Anforderungen, also in der Regel zur Abwicklung des mit Ihnen geschlossenen Vertrages oder zur Beantwortung Ihrer Anfrage.<\/p>\n<p>Nur dann, wenn Sie uns zuvor Ihre Einwilligung erteilt haben bzw. wenn Sie &#8211; soweit gesetzliche Regelungen dies vorsehen &#8211; keinen Widerspruch eingelegt haben, nutzen wir diese Daten auch f\u00fcr produktbezogene Umfragen und eigene Marketingzwecke.<\/p>\n<p>Eine Weitergabe, Verkauf oder sonstige \u00dcbermittlung Ihrer personenbezogenen Daten an Dritte erfolgt nicht.<\/p>\n<p class=\"content\"><strong>Einsatz von Cookies<br \/>\n<\/strong>Auf unseren Webseiten verwenden wir in der Regel keine Cookies. Nur in Ausnahmef\u00e4llen werden sog. Session-Cookies eingesetzt, die Daten zur technischen Sitzungssteuerung im Speicher Ihres Browsers ablegen. Diese Daten sind nicht personenbezogen und werden sp\u00e4testens mit dem Schlie\u00dfen Ihres Browsers gel\u00f6scht. Sollten wir ausnahmsweise in einem Cookie auch personenbezogene Daten speichern m\u00fcssen, werden wir vorab Ihre ausdr\u00fcckliche Einwilligung einholen. Des weiteren weisen wir darauf hin, dass Browser in der Regel \u00fcber Funktionen zur Verwaltung von Cookies verf\u00fcgen.<\/p>\n<p class=\"content\"><strong>Sicherheit<br \/>\n<\/strong>Wir treffen alle notwendigen technischen und organisatorischen Sicherheitsma\u00dfnahmen, um Ihre personenbezogenen Daten vor Verlust und Missbrauch zu sch\u00fctzen. So werden Ihre Daten in einer sicheren Betriebsumgebung gespeichert, die der \u00d6ffentlichkeit nicht zug\u00e4nglich ist. In bestimmten F\u00e4llen werden Ihre personenbezogenen Daten bei der \u00dcbermittlung durch die sog. Secure Socket Layer-Technologie (SSL) verschl\u00fcsselt. Das bedeutet, dass die Kommunikation zwischen Ihrem Computer und unseren Servern der unter Einsatz eines anerkannten Verschl\u00fcsselungsverfahrens erfolgt, wenn Ihr Browser SSL unterst\u00fctzt.<\/p>\n<p class=\"content\">Sollten Sie mit uns per E-Mail in Kontakt treten wollen, weisen wir darauf hin, dass die Vertraulichkeit der \u00fcbermittelten Informationen nicht gew\u00e4hrleistet ist. Der Inhalt von E-Mails kann von Dritten eingesehen werden. Wir empfehlen Ihnen daher, uns vertrauliche Informationen ausschlie\u00dflich \u00fcber den Postweg zukommen zu lassen.<\/p>\n<p class=\"content\"><strong>Auskunftsrecht<br \/>\n<\/strong>Auf schriftliche Anfrage werden Sie von uns dar\u00fcber informiert, welche Daten wir \u00fcber Ihre Person (z.B. Name, Adresse) gespeichert haben.<\/p>\n<p class=\"content\"><strong>Kontakt<br \/>\n<\/strong>Wenn Sie Fragen hinsichtlich der Verarbeitung Ihrer pers\u00f6nlichen Daten haben, k\u00f6nnen Sie sich an uns wenden, auch im Falle von Auskunftsersuchen, Anregungen oder Beschwerden werden wir Ihnen zur Verf\u00fcgung stehen.<\/p>\n<p>Buch Rechtsanw\u00e4lte<br \/>\nClausstra\u00dfe 7a<br \/>\n65812 Bad Soden am Taunus<\/p>\n<p>Telefon: (0 61 96) 999 64 90<br \/>\nTelefax: (0 61 96) 999 64 91<\/p>\n","protected":false},"excerpt":{"rendered":"<p>Wir freuen uns \u00fcber Ihren Besuch auf dieser Webseite und Ihr Interesse an unseren Produkten. Der Schutz Ihrer personenbezogenen Daten bei der Verarbeitung w\u00e4hrend des gesamten Gesch\u00e4ftsprozesses ist f\u00fcr uns ein wichtiges Anliegen und wir m\u00f6chten, dass Sie sich beim Besuch dieser Internetseiten sicher f\u00fchlen. Im Folgenden erl\u00e4utern wir, welche Informationen w\u00e4hrend Ihres Besuches auf [&hellip;]<\/p>\n","protected":false},"author":1,"featured_media":0,"parent":0,"menu_order":0,"comment_status":"closed","ping_status":"closed","template":"","meta":[],"_links":{"self":[{"href":"https:\/\/www.rechtsanwaelte-buch.de\/wordpress\/wp-json\/wp\/v2\/pages\/39"}],"collection":[{"href":"https:\/\/www.rechtsanwaelte-buch.de\/wordpress\/wp-json\/wp\/v2\/pages"}],"about":[{"href":"https:\/\/www.rechtsanwaelte-buch.de\/wordpress\/wp-json\/wp\/v2\/types\/page"}],"author":[{"embeddable":true,"href":"https:\/\/www.rechtsanwaelte-buch.de\/wordpress\/wp-json\/wp\/v2\/users\/1"}],"replies":[{"embeddable":true,"href":"https:\/\/www.rechtsanwaelte-buch.de\/wordpress\/wp-json\/wp\/v2\/comments?post=39"}],"version-history":[{"count":1,"href":"https:\/\/www.rechtsanwaelte-buch.de\/wordpress\/wp-json\/wp\/v2\/pages\/39\/revisions"}],"predecessor-version":[{"id":40,"href":"https:\/\/www.rechtsanwaelte-buch.de\/wordpress\/wp-json\/wp\/v2\/pages\/39\/revisions\/40"}],"wp:attachment":[{"href":"https:\/\/www.rechtsanwaelte-buch.de\/wordpress\/wp-json\/wp\/v2\/media?parent=39"}],"curies":[{"name":"wp","href":"https:\/\/api.w.org\/{rel}","templated":true}]}}